{"id":1271,"date":"2025-05-16T07:01:27","date_gmt":"2025-05-16T06:01:27","guid":{"rendered":"https:\/\/palegoldenrod-clam-606798.hostingersite.com\/?page_id=1271"},"modified":"2025-05-16T07:14:25","modified_gmt":"2025-05-16T06:14:25","slug":"blog","status":"publish","type":"page","link":"https:\/\/spainlegalcoach.com\/fr\/blog\/","title":{"rendered":"Blog"},"content":{"rendered":"<div data-elementor-type=\"wp-page\" data-elementor-id=\"1271\" class=\"elementor elementor-1271\" data-elementor-post-type=\"page\">\n\t\t\t\t<div class=\"elementor-element elementor-element-10212dc e-flex e-con-boxed e-con e-parent\" data-id=\"10212dc\" data-element_type=\"container\" data-e-type=\"container\" data-settings=\"{&quot;background_background&quot;:&quot;classic&quot;}\">\n\t\t\t\t\t<div class=\"e-con-inner\">\n\t\t<div class=\"elementor-element elementor-element-3c95a82 e-con-full e-flex e-con e-child\" data-id=\"3c95a82\" data-element_type=\"container\" data-e-type=\"container\">\n\t\t\t\t<div class=\"elementor-element elementor-element-1504427 elementor-widget-mobile__width-inherit elementor-widget elementor-widget-heading\" data-id=\"1504427\" data-element_type=\"widget\" data-e-type=\"widget\" data-widget_type=\"heading.default\">\n\t\t\t\t<div class=\"elementor-widget-container\">\n\t\t\t\t\t<h1 class=\"elementor-heading-title elementor-size-default\">Blog du coach juridique espagnol<\/h1>\t\t\t\t<\/div>\n\t\t\t\t<\/div>\n\t\t\t\t<\/div>\n\t\t\t\t\t<\/div>\n\t\t\t\t<\/div>\n\t\t<div class=\"elementor-element elementor-element-9a2ed76 e-flex e-con-boxed e-con e-parent\" data-id=\"9a2ed76\" data-element_type=\"container\" data-e-type=\"container\" data-settings=\"{&quot;background_background&quot;:&quot;classic&quot;}\">\n\t\t\t\t\t<div class=\"e-con-inner\">\n\t\t<div class=\"elementor-element elementor-element-cb5dff8 e-con-full e-flex e-con e-child\" data-id=\"cb5dff8\" data-element_type=\"container\" data-e-type=\"container\">\n\t\t\t\t<div class=\"elementor-element elementor-element-aaf77a3 elementor-widget-divider--view-line elementor-widget elementor-widget-divider\" data-id=\"aaf77a3\" data-element_type=\"widget\" data-e-type=\"widget\" data-widget_type=\"divider.default\">\n\t\t\t\t<div class=\"elementor-widget-container\">\n\t\t\t\t\t\t\t<div class=\"elementor-divider\">\n\t\t\t<span class=\"elementor-divider-separator\">\n\t\t\t\t\t\t<\/span>\n\t\t<\/div>\n\t\t\t\t\t\t<\/div>\n\t\t\t\t<\/div>\n\t\t\t\t<div class=\"elementor-element elementor-element-7d85f43 elementor-widget elementor-widget-heading\" data-id=\"7d85f43\" data-element_type=\"widget\" data-e-type=\"widget\" data-widget_type=\"heading.default\">\n\t\t\t\t<div class=\"elementor-widget-container\">\n\t\t\t\t\t<h2 class=\"elementor-heading-title elementor-size-default\">Votre espace de connaissances juridiques pratiques et actualis\u00e9es<\/h2>\t\t\t\t<\/div>\n\t\t\t\t<\/div>\n\t\t\t\t<div class=\"elementor-element elementor-element-5edf551 elementor-widget elementor-widget-text-editor\" data-id=\"5edf551\" data-element_type=\"widget\" data-e-type=\"widget\" data-widget_type=\"text-editor.default\">\n\t\t\t\t<div class=\"elementor-widget-container\">\n\t\t\t\t\t\t\t\t\t<p>Sur notre blog, vous trouverez des articles clairs et utiles sur le droit des soci\u00e9t\u00e9s, la gestion des risques, l&#039;entrepreneuriat, la fiscalit\u00e9 et bien plus encore. Notre objectif est de vous aider \u00e0 prendre des d\u00e9cisions \u00e9clair\u00e9es et confiantes dans votre vie personnelle et professionnelle.<\/p>\t\t\t\t\t\t\t\t<\/div>\n\t\t\t\t<\/div>\n\t\t\t\t<\/div>\n\t\t\t\t<div class=\"elementor-element elementor-element-a834cda elementor-grid-3 elementor-grid-tablet-2 elementor-grid-mobile-1 elementor-posts--thumbnail-top elementor-posts__hover-gradient elementor-invisible elementor-widget elementor-widget-posts\" data-id=\"a834cda\" data-element_type=\"widget\" data-e-type=\"widget\" data-settings=\"{&quot;pagination_type&quot;:&quot;load_more_infinite_scroll&quot;,&quot;_animation&quot;:&quot;fadeInDown&quot;,&quot;cards_columns&quot;:&quot;3&quot;,&quot;cards_columns_tablet&quot;:&quot;2&quot;,&quot;cards_columns_mobile&quot;:&quot;1&quot;,&quot;cards_row_gap&quot;:{&quot;unit&quot;:&quot;px&quot;,&quot;size&quot;:35,&quot;sizes&quot;:[]},&quot;cards_row_gap_tablet&quot;:{&quot;unit&quot;:&quot;px&quot;,&quot;size&quot;:&quot;&quot;,&quot;sizes&quot;:[]},&quot;cards_row_gap_mobile&quot;:{&quot;unit&quot;:&quot;px&quot;,&quot;size&quot;:&quot;&quot;,&quot;sizes&quot;:[]},&quot;load_more_spinner&quot;:{&quot;value&quot;:&quot;fas fa-spinner&quot;,&quot;library&quot;:&quot;fa-solid&quot;}}\" data-widget_type=\"posts.cards\">\n\t\t\t\t<div class=\"elementor-widget-container\">\n\t\t\t\t\t\t\t<div class=\"elementor-posts-container elementor-posts elementor-posts--skin-cards elementor-grid\" role=\"list\">\n\t\t\t\t<article class=\"elementor-post elementor-grid-item post-1530 post type-post status-publish format-standard hentry category-uncategorized\" role=\"listitem\">\n\t\t\t<div class=\"elementor-post__card\">\n\t\t\t\t<div class=\"elementor-post__text\">\n\t\t\t\t<h3 class=\"elementor-post__title\">\n\t\t\t<a href=\"https:\/\/spainlegalcoach.com\/fr\/proteccion-del-honor-y-redes-sociales-el-derecho-intenta-alcanzar-al-dano-reputacional-digital\/\">\n\t\t\t\tProtection de l\u2019honneur et des r\u00e9seaux sociaux\u00a0: la loi tente de lutter contre l\u2019atteinte \u00e0 la r\u00e9putation num\u00e9rique.\t\t\t<\/a>\n\t\t<\/h3>\n\t\t\t\t<div class=\"elementor-post__excerpt\">\n\t\t\t<p>Sur les r\u00e9seaux sociaux, l&#039;atteinte \u00e0 la r\u00e9putation est imm\u00e9diate\u00a0; le d\u00e9fi pour le droit est d&#039;intervenir \u00e0 temps pour la prot\u00e9ger. L&#039;annonce du gouvernement<\/p>\n\t\t<\/div>\n\t\t\n\t\t<a class=\"elementor-post__read-more\" href=\"https:\/\/spainlegalcoach.com\/fr\/proteccion-del-honor-y-redes-sociales-el-derecho-intenta-alcanzar-al-dano-reputacional-digital\/\" aria-label=\"Apprenez-en davantage sur la protection de l\u2019honneur et des r\u00e9seaux sociaux\u00a0: la loi tente de lutter contre l\u2019atteinte \u00e0 la r\u00e9putation num\u00e9rique.\" tabindex=\"-1\">\n\t\t\tEn savoir plus &quot;\t\t<\/a>\n\n\t\t\t\t<\/div>\n\t\t\t\t\t<\/div>\n\t\t<\/article>\n\t\t\t\t<article class=\"elementor-post elementor-grid-item post-1525 post type-post status-publish format-standard hentry category-uncategorized\" role=\"listitem\">\n\t\t\t<div class=\"elementor-post__card\">\n\t\t\t\t<div class=\"elementor-post__text\">\n\t\t\t\t<h3 class=\"elementor-post__title\">\n\t\t\t<a href=\"https:\/\/spainlegalcoach.com\/fr\/prorroga-extraordinaria-del-alquiler-y-limitacion-de-rentas-claves-del-real-decreto-ley-de-20-de-marzo-de-2026\/\">\n\t\t\t\tProlongation exceptionnelle des contrats de location et des plafonds de loyer\u00a0: points cl\u00e9s du d\u00e9cret-loi royal du 20 mars 2026\t\t\t<\/a>\n\t\t<\/h3>\n\t\t\t\t<div class=\"elementor-post__excerpt\">\n\t\t\t<p>La principale nouveaut\u00e9 r\u00e9side dans la possibilit\u00e9 pour les locataires de r\u00e9sidences principales de demander une prolongation exceptionnelle de leur bail pour une dur\u00e9e maximale de deux ans.<\/p>\n\t\t<\/div>\n\t\t\n\t\t<a class=\"elementor-post__read-more\" href=\"https:\/\/spainlegalcoach.com\/fr\/prorroga-extraordinaria-del-alquiler-y-limitacion-de-rentas-claves-del-real-decreto-ley-de-20-de-marzo-de-2026\/\" aria-label=\"D\u00e9couvrez plus d&#039;informations sur la prolongation extraordinaire des baux et le contr\u00f4le des loyers\u00a0: points cl\u00e9s du d\u00e9cret-loi royal du 20 mars 2026\" tabindex=\"-1\">\n\t\t\tEn savoir plus &quot;\t\t<\/a>\n\n\t\t\t\t<\/div>\n\t\t\t\t\t<\/div>\n\t\t<\/article>\n\t\t\t\t<article class=\"elementor-post elementor-grid-item post-1518 post type-post status-publish format-standard hentry category-uncategorized\" role=\"listitem\">\n\t\t\t<div class=\"elementor-post__card\">\n\t\t\t\t<div class=\"elementor-post__text\">\n\t\t\t\t<h3 class=\"elementor-post__title\">\n\t\t\t<a href=\"https:\/\/spainlegalcoach.com\/fr\/increased-tax-control-on-property-sales-by-non-residents-in-spain\/\">\n\t\t\t\tRenforcement du contr\u00f4le fiscal sur les ventes immobili\u00e8res par des non-r\u00e9sidents en Espagne\t\t\t<\/a>\n\t\t<\/h3>\n\t\t\t\t<div class=\"elementor-post__excerpt\">\n\t\t\t<p>L\u2019Agence fiscale espagnole intensifie son contr\u00f4le des transactions immobili\u00e8res effectu\u00e9es par des non-r\u00e9sidents, notamment en ce qui concerne la bonne application de l\u2019imp\u00f4t sur le revenu des non-r\u00e9sidents (IRNR).<\/p>\n\t\t<\/div>\n\t\t\n\t\t<a class=\"elementor-post__read-more\" href=\"https:\/\/spainlegalcoach.com\/fr\/increased-tax-control-on-property-sales-by-non-residents-in-spain\/\" aria-label=\"En savoir plus sur le renforcement du contr\u00f4le fiscal sur les ventes immobili\u00e8res par les non-r\u00e9sidents en Espagne\" tabindex=\"-1\">\n\t\t\tEn savoir plus &quot;\t\t<\/a>\n\n\t\t\t\t<\/div>\n\t\t\t\t\t<\/div>\n\t\t<\/article>\n\t\t\t\t<article class=\"elementor-post elementor-grid-item post-1277 post type-post status-publish format-standard has-post-thumbnail hentry category-uncategorized\" role=\"listitem\">\n\t\t\t<div class=\"elementor-post__card\">\n\t\t\t\t<a class=\"elementor-post__thumbnail__link\" href=\"https:\/\/spainlegalcoach.com\/fr\/test-entrada\/\" tabindex=\"-1\"><div class=\"elementor-post__thumbnail\"><img fetchpriority=\"high\" decoding=\"async\" width=\"1920\" height=\"1080\" src=\"https:\/\/spainlegalcoach.com\/wp-content\/uploads\/2024\/05\/1.jpg\" class=\"attachment-full size-full wp-image-852\" alt=\"Conseils juridiques personnalis\u00e9s\" srcset=\"https:\/\/spainlegalcoach.com\/wp-content\/uploads\/2024\/05\/1.jpg 1920w, https:\/\/spainlegalcoach.com\/wp-content\/uploads\/2024\/05\/1-300x169.jpg 300w, https:\/\/spainlegalcoach.com\/wp-content\/uploads\/2024\/05\/1-1024x576.jpg 1024w, https:\/\/spainlegalcoach.com\/wp-content\/uploads\/2024\/05\/1-768x432.jpg 768w, https:\/\/spainlegalcoach.com\/wp-content\/uploads\/2024\/05\/1-1536x864.jpg 1536w, https:\/\/spainlegalcoach.com\/wp-content\/uploads\/2024\/05\/1-18x10.jpg 18w\" sizes=\"(max-width: 1920px) 100vw, 1920px\" \/><\/div><\/a>\n\t\t\t\t<div class=\"elementor-post__text\">\n\t\t\t\t<h3 class=\"elementor-post__title\">\n\t\t\t<a href=\"https:\/\/spainlegalcoach.com\/fr\/test-entrada\/\">\n\t\t\t\t5 erreurs juridiques courantes lors de la cr\u00e9ation d&#039;une entreprise en Espagne\t\t\t<\/a>\n\t\t<\/h3>\n\t\t\t\t<div class=\"elementor-post__excerpt\">\n\t\t\t<p>Cr\u00e9er une entreprise en Espagne est une aventure passionnante, mais elle comporte \u00e9galement des d\u00e9fis juridiques qui ne sont pas toujours \u00e9vidents au premier abord. En tant que conseillers juridiques sp\u00e9cialis\u00e9s dans les startups<\/p>\n\t\t<\/div>\n\t\t\n\t\t<a class=\"elementor-post__read-more\" href=\"https:\/\/spainlegalcoach.com\/fr\/test-entrada\/\" aria-label=\"D\u00e9couvrez 5 erreurs juridiques courantes \u00e0 \u00e9viter lors de la cr\u00e9ation d&#039;une entreprise en Espagne\" tabindex=\"-1\">\n\t\t\tEn savoir plus &quot;\t\t<\/a>\n\n\t\t\t\t<\/div>\n\t\t\t\t\t<\/div>\n\t\t<\/article>\n\t\t\t\t<\/div>\n\t\t\t\t\t<span class=\"e-load-more-spinner\">\n\t\t\t\t<svg aria-hidden=\"true\" class=\"e-font-icon-svg e-fas-spinner\" viewbox=\"0 0 512 512\" xmlns=\"http:\/\/www.w3.org\/2000\/svg\"><path d=\"M304 48c0 26.51-21.49 48-48 48s-48-21.49-48-48 21.49-48 48-48 48 21.49 48 48zm-48 368c-26.51 0-48 21.49-48 48s21.49 48 48 48 48-21.49 48-48-21.49-48-48-48zm208-208c-26.51 0-48 21.49-48 48s21.49 48 48 48 48-21.49 48-48-21.49-48-48-48zM96 256c0-26.51-21.49-48-48-48S0 229.49 0 256s21.49 48 48 48 48-21.49 48-48zm12.922 99.078c-26.51 0-48 21.49-48 48s21.49 48 48 48 48-21.49 48-48c0-26.509-21.491-48-48-48zm294.156 0c-26.51 0-48 21.49-48 48s21.49 48 48 48 48-21.49 48-48c0-26.509-21.49-48-48-48zM108.922 60.922c-26.51 0-48 21.49-48 48s21.49 48 48 48 48-21.49 48-48-21.491-48-48-48z\"><\/path><\/svg>\t\t\t<\/span>\n\t\t\n\t\t\t\t\t\t<\/div>\n\t\t\t\t<\/div>\n\t\t\t\t\t<\/div>\n\t\t\t\t<\/div>\n\t\t\t\t<\/div>","protected":false},"excerpt":{"rendered":"<p>Blog de Spain Legal Coach\u00a0: Votre espace d\u2019information juridique pratique et actualis\u00e9e. Sur notre blog, vous trouverez des articles clairs et utiles sur le droit des soci\u00e9t\u00e9s, la gestion des risques, l\u2019entrepreneuriat, la fiscalit\u00e9 et bien plus encore. Notre objectif est de vous aider \u00e0 prendre des d\u00e9cisions \u00e9clair\u00e9es et sereines dans votre vie personnelle et professionnelle.<\/p>","protected":false},"author":1,"featured_media":0,"parent":0,"menu_order":0,"comment_status":"closed","ping_status":"closed","template":"","meta":{"_uag_custom_page_level_css":"","site-sidebar-layout":"no-sidebar","site-content-layout":"page-builder","ast-site-content-layout":"full-width-container","site-content-style":"default","site-sidebar-style":"default","ast-global-header-display":"","ast-banner-title-visibility":"","ast-main-header-display":"","ast-hfb-above-header-display":"","ast-hfb-below-header-display":"","ast-hfb-mobile-header-display":"","site-post-title":"disabled","ast-breadcrumbs-content":"","ast-featured-img":"disabled","footer-sml-layout":"","ast-disable-related-posts":"","theme-transparent-header-meta":"","adv-header-id-meta":"","stick-header-meta":"","header-above-stick-meta":"","header-main-stick-meta":"","header-below-stick-meta":"","astra-migrate-meta-layouts":"set","ast-page-background-enabled":"default","ast-page-background-meta":{"desktop":{"background-color":"var(--ast-global-color-4)","background-image":"","background-repeat":"repeat","background-position":"center center","background-size":"auto","background-attachment":"scroll","background-type":"","background-media":"","overlay-type":"","overlay-color":"","overlay-opacity":"","overlay-gradient":""},"tablet":{"background-color":"","background-image":"","background-repeat":"repeat","background-position":"center center","background-size":"auto","background-attachment":"scroll","background-type":"","background-media":"","overlay-type":"","overlay-color":"","overlay-opacity":"","overlay-gradient":""},"mobile":{"background-color":"","background-image":"","background-repeat":"repeat","background-position":"center center","background-size":"auto","background-attachment":"scroll","background-type":"","background-media":"","overlay-type":"","overlay-color":"","overlay-opacity":"","overlay-gradient":""}},"ast-content-background-meta":{"desktop":{"background-color":"var(--ast-global-color-5)","background-image":"","background-repeat":"repeat","background-position":"center center","background-size":"auto","background-attachment":"scroll","background-type":"","background-media":"","overlay-type":"","overlay-color":"","overlay-opacity":"","overlay-gradient":""},"tablet":{"background-color":"var(--ast-global-color-5)","background-image":"","background-repeat":"repeat","background-position":"center center","background-size":"auto","background-attachment":"scroll","background-type":"","background-media":"","overlay-type":"","overlay-color":"","overlay-opacity":"","overlay-gradient":""},"mobile":{"background-color":"var(--ast-global-color-5)","background-image":"","background-repeat":"repeat","background-position":"center center","background-size":"auto","background-attachment":"scroll","background-type":"","background-media":"","overlay-type":"","overlay-color":"","overlay-opacity":"","overlay-gradient":""}},"footnotes":""},"class_list":["post-1271","page","type-page","status-publish","hentry"],"uagb_featured_image_src":{"full":false,"thumbnail":false,"medium":false,"medium_large":false,"large":false,"1536x1536":false,"2048x2048":false,"trp-custom-language-flag":false},"uagb_author_info":{"display_name":"info@articagency.com","author_link":"https:\/\/spainlegalcoach.com\/fr\/author\/infoarticagency-com\/"},"uagb_comment_info":0,"uagb_excerpt":"Blog de Spain Legal Coach Tu espacio de conocimiento legal pr\u00e1ctico y actualizado En nuestro blog encontrar\u00e1s art\u00edculos claros y \u00fatiles sobre derecho corporativo, gesti\u00f3n de riesgos, emprendimiento, fiscalidad y m\u00e1s. Nuestro objetivo es ayudarte a tomar decisiones informadas y seguras en tu vida personal y profesional.","_links":{"self":[{"href":"https:\/\/spainlegalcoach.com\/fr\/wp-json\/wp\/v2\/pages\/1271","targetHints":{"allow":["GET"]}}],"collection":[{"href":"https:\/\/spainlegalcoach.com\/fr\/wp-json\/wp\/v2\/pages"}],"about":[{"href":"https:\/\/spainlegalcoach.com\/fr\/wp-json\/wp\/v2\/types\/page"}],"author":[{"embeddable":true,"href":"https:\/\/spainlegalcoach.com\/fr\/wp-json\/wp\/v2\/users\/1"}],"replies":[{"embeddable":true,"href":"https:\/\/spainlegalcoach.com\/fr\/wp-json\/wp\/v2\/comments?post=1271"}],"version-history":[{"count":17,"href":"https:\/\/spainlegalcoach.com\/fr\/wp-json\/wp\/v2\/pages\/1271\/revisions"}],"predecessor-version":[{"id":1515,"href":"https:\/\/spainlegalcoach.com\/fr\/wp-json\/wp\/v2\/pages\/1271\/revisions\/1515"}],"wp:attachment":[{"href":"https:\/\/spainlegalcoach.com\/fr\/wp-json\/wp\/v2\/media?parent=1271"}],"curies":[{"name":"wp","href":"https:\/\/api.w.org\/{rel}","templated":true}]}}